{"id":208,"date":"2023-08-25T12:34:03","date_gmt":"2023-08-25T10:34:03","guid":{"rendered":"https:\/\/cindybierling-psy.fr\/?page_id=208"},"modified":"2025-01-05T11:22:22","modified_gmt":"2025-01-05T10:22:22","slug":"tarifs","status":"publish","type":"page","link":"https:\/\/cindybierling-psy.fr\/index.php\/tarifs\/","title":{"rendered":"Tarifs"},"content":{"rendered":"\t\t<div data-elementor-type=\"wp-page\" data-elementor-id=\"208\" class=\"elementor elementor-208\">\n\t\t\t\t<div class=\"elementor-element elementor-element-860b3dd e-flex e-con-boxed e-con e-parent\" data-id=\"860b3dd\" data-element_type=\"container\" data-e-type=\"container\">\n\t\t\t\t\t<div class=\"e-con-inner\">\n\t\t\t\t<div class=\"elementor-element elementor-element-4348e2b elementor-widget elementor-widget-heading\" data-id=\"4348e2b\" data-element_type=\"widget\" data-e-type=\"widget\" data-widget_type=\"heading.default\">\n\t\t\t\t<div class=\"elementor-widget-container\">\n\t\t\t\t\t<h2 class=\"elementor-heading-title elementor-size-default\">Tarifs<\/h2>\t\t\t\t<\/div>\n\t\t\t\t<\/div>\n\t\t\t\t<div class=\"elementor-element elementor-element-6f2790e elementor-widget elementor-widget-html\" data-id=\"6f2790e\" data-element_type=\"widget\" data-e-type=\"widget\" data-widget_type=\"html.default\">\n\t\t\t\t<div class=\"elementor-widget-container\">\n\t\t\t\t\t<style>\nh5 {\n  color: #4d9fa0;\n  font-size: 20px;\n}\ntd {\n  font-size: 16px;\n  color: #3a3c49;\n}\n<\/style>\n\n<div style=\"overflow-x:auto;\">\n<table class=\u201devents-table\u201d>\n    <tbody>\n        <tr>\n            <th><h5>Type d'accompagnement<\/h5><\/th>\n            <th><h5>Dur\u00e9e<\/h5><\/th>\n            <th><h5>Tarif<\/h5><\/th>\n        <\/tr>\n        <tr>\n            <td><a href=\"https:\/\/cindybierling-psy.fr\/index.php\/accompagnements\/#soutien-psychologique\">Soutien psychologique ou psychoth\u00e9rapie individuelle<\/a><\/td>\n            <td>45min \u00e0 1h<\/td>\n            <td>60 \u20ac<\/td>\n        <\/tr>\n        <tr>\n            <td><a href=\"https:\/\/cindybierling-psy.fr\/index.php\/accompagnements\/#soutien-parents\">Entretien familial ou soutien \u00e0 la parentalit\u00e9<\/a>\n            <\/td>\n            <td>1h \u00e0 1h30<\/td>\n            <td>80 \u20ac<\/td>\n        <\/tr>\n        <tr>\n            <td><a href=\"https:\/\/cindybierling-psy.fr\/index.php\/accompagnements\/#eval-psy-testQI\">Evaluation psychom\u00e9trique (test de QI)<br>uniquement enfants\/adolescents \u00e2g\u00e9s de 6 \u00e0 16 ans<\/a><\/td>\n            <td>une \u00e0 plusieurs s\u00e9ances<\/td>\n            <td>300 \u20ac<\/td>\n        <\/tr>\n        <tr>\n            <td><a href=\"https:\/\/cindybierling-psy.fr\/index.php\/accompagnements\/#eval-psy-complete\">Evaluation psychologique compl\u00e8te<br>(+ \u00e9valuations projectives, d\u00e9veloppement personnalit\u00e9)<\/a><\/td>\n            <td>variable selon les \u00e9preuves utilis\u00e9es<\/td>\n            <td>variable selon les \u00e9preuves utilis\u00e9es<\/td>\n        <\/tr>\n    <\/tbody>\n<\/table>\n<\/div>\t\t\t\t<\/div>\n\t\t\t\t<\/div>\n\t\t\t\t\t<\/div>\n\t\t\t\t<\/div>\n\t\t<div class=\"elementor-element elementor-element-01bd260 e-flex e-con-boxed e-con e-parent\" data-id=\"01bd260\" data-element_type=\"container\" data-e-type=\"container\" data-settings=\"{&quot;background_background&quot;:&quot;classic&quot;,&quot;shape_divider_top&quot;:&quot;mountains&quot;}\">\n\t\t\t\t\t<div class=\"e-con-inner\">\n\t\t\t\t<div class=\"elementor-shape elementor-shape-top\" aria-hidden=\"true\" data-negative=\"false\">\n\t\t\t<svg xmlns=\"http:\/\/www.w3.org\/2000\/svg\" viewBox=\"0 0 1000 100\" preserveAspectRatio=\"none\">\n\t<path class=\"elementor-shape-fill\" opacity=\"0.33\" d=\"M473,67.3c-203.9,88.3-263.1-34-320.3,0C66,119.1,0,59.7,0,59.7V0h1000v59.7 c0,0-62.1,26.1-94.9,29.3c-32.8,3.3-62.8-12.3-75.8-22.1C806,49.6,745.3,8.7,694.9,4.7S492.4,59,473,67.3z\"\/>\n\t<path class=\"elementor-shape-fill\" opacity=\"0.66\" d=\"M734,67.3c-45.5,0-77.2-23.2-129.1-39.1c-28.6-8.7-150.3-10.1-254,39.1 s-91.7-34.4-149.2,0C115.7,118.3,0,39.8,0,39.8V0h1000v36.5c0,0-28.2-18.5-92.1-18.5C810.2,18.1,775.7,67.3,734,67.3z\"\/>\n\t<path class=\"elementor-shape-fill\" d=\"M766.1,28.9c-200-57.5-266,65.5-395.1,19.5C242,1.8,242,5.4,184.8,20.6C128,35.8,132.3,44.9,89.9,52.5C28.6,63.7,0,0,0,0 h1000c0,0-9.9,40.9-83.6,48.1S829.6,47,766.1,28.9z\"\/>\n<\/svg>\t\t<\/div>\n\t\t\t\t<div class=\"elementor-element elementor-element-6b119b2 elementor-widget elementor-widget-heading\" data-id=\"6b119b2\" data-element_type=\"widget\" data-e-type=\"widget\" data-widget_type=\"heading.default\">\n\t\t\t\t<div class=\"elementor-widget-container\">\n\t\t\t\t\t<h2 class=\"elementor-heading-title elementor-size-default\">Modalit\u00e9s de paiement<\/h2>\t\t\t\t<\/div>\n\t\t\t\t<\/div>\n\t\t\t\t<div class=\"elementor-element elementor-element-355f365 elementor-widget elementor-widget-text-editor\" data-id=\"355f365\" data-element_type=\"widget\" data-e-type=\"widget\" data-widget_type=\"text-editor.default\">\n\t\t\t\t<div class=\"elementor-widget-container\">\n\t\t\t\t\t\t\t\t\t<ul><li>R\u00e8glement par esp\u00e8ce, ch\u00e8que ou virement bancaire (paiement par carte bancaire non disponible)<\/li><li>Toute annulation de rendez-vous devra s&rsquo;effectuer au plus tard 48 heures \u00e0 l&rsquo;avance, sans quoi la s\u00e9ance devra \u00eatre consid\u00e9r\u00e9e comme due<\/li><li>Les s\u00e9ances\u00a0 ne sont pas rembours\u00e9es par la s\u00e9curit\u00e9 sociale, n\u2019adh\u00e9rant pas au dispositif MonParcoursPsy.<\/li><li>Cependant certaines mutuelles offrent un remboursement partiel ou total des s\u00e9ances. Je vous invite a vous renseigner aupr\u00e8s de votre mutuelle<\/li><\/ul>\t\t\t\t\t\t\t\t<\/div>\n\t\t\t\t<\/div>\n\t\t\t\t\t<\/div>\n\t\t\t\t<\/div>\n\t\t\t\t<\/div>\n\t\t","protected":false},"excerpt":{"rendered":"<p>Tarifs Type d&rsquo;accompagnement Dur\u00e9e Tarif Soutien psychologique ou psychoth\u00e9rapie individuelle 45min \u00e0 1h 60 \u20ac Entretien familial ou soutien \u00e0 la parentalit\u00e9 1h \u00e0 1h30 80 \u20ac Evaluation psychom\u00e9trique (test de QI)uniquement enfants\/adolescents \u00e2g\u00e9s de 6 \u00e0 16 ans une \u00e0 plusieurs s\u00e9ances 300 \u20ac Evaluation psychologique compl\u00e8te(+ \u00e9valuations projectives, d\u00e9veloppement personnalit\u00e9) variable selon les [&hellip;]<\/p>\n","protected":false},"author":1,"featured_media":0,"parent":0,"menu_order":0,"comment_status":"closed","ping_status":"closed","template":"elementor_header_footer","meta":{"ocean_post_layout":"","ocean_both_sidebars_style":"","ocean_both_sidebars_content_width":0,"ocean_both_sidebars_sidebars_width":0,"ocean_sidebar":"","ocean_second_sidebar":"","ocean_disable_margins":"enable","ocean_add_body_class":"","ocean_shortcode_before_top_bar":"","ocean_shortcode_after_top_bar":"","ocean_shortcode_before_header":"","ocean_shortcode_after_header":"","ocean_has_shortcode":"","ocean_shortcode_after_title":"","ocean_shortcode_before_footer_widgets":"","ocean_shortcode_after_footer_widgets":"","ocean_shortcode_before_footer_bottom":"","ocean_shortcode_after_footer_bottom":"","ocean_display_top_bar":"default","ocean_display_header":"default","ocean_header_style":"","ocean_center_header_left_menu":"","ocean_custom_header_template":"","ocean_custom_logo":0,"ocean_custom_retina_logo":0,"ocean_custom_logo_max_width":0,"ocean_custom_logo_tablet_max_width":0,"ocean_custom_logo_mobile_max_width":0,"ocean_custom_logo_max_height":0,"ocean_custom_logo_tablet_max_height":0,"ocean_custom_logo_mobile_max_height":0,"ocean_header_custom_menu":"","ocean_menu_typo_font_family":"","ocean_menu_typo_font_subset":"","ocean_menu_typo_font_size":0,"ocean_menu_typo_font_size_tablet":0,"ocean_menu_typo_font_size_mobile":0,"ocean_menu_typo_font_size_unit":"px","ocean_menu_typo_font_weight":"","ocean_menu_typo_font_weight_tablet":"","ocean_menu_typo_font_weight_mobile":"","ocean_menu_typo_transform":"","ocean_menu_typo_transform_tablet":"","ocean_menu_typo_transform_mobile":"","ocean_menu_typo_line_height":0,"ocean_menu_typo_line_height_tablet":0,"ocean_menu_typo_line_height_mobile":0,"ocean_menu_typo_line_height_unit":"","ocean_menu_typo_spacing":0,"ocean_menu_typo_spacing_tablet":0,"ocean_menu_typo_spacing_mobile":0,"ocean_menu_typo_spacing_unit":"","ocean_menu_link_color":"","ocean_menu_link_color_hover":"","ocean_menu_link_color_active":"","ocean_menu_link_background":"","ocean_menu_link_hover_background":"","ocean_menu_link_active_background":"","ocean_menu_social_links_bg":"","ocean_menu_social_hover_links_bg":"","ocean_menu_social_links_color":"","ocean_menu_social_hover_links_color":"","ocean_disable_title":"default","ocean_disable_heading":"default","ocean_post_title":"","ocean_post_subheading":"","ocean_post_title_style":"","ocean_post_title_background_color":"","ocean_post_title_background":0,"ocean_post_title_bg_image_position":"","ocean_post_title_bg_image_attachment":"","ocean_post_title_bg_image_repeat":"","ocean_post_title_bg_image_size":"","ocean_post_title_height":0,"ocean_post_title_bg_overlay":0.5,"ocean_post_title_bg_overlay_color":"","ocean_disable_breadcrumbs":"default","ocean_breadcrumbs_color":"","ocean_breadcrumbs_separator_color":"","ocean_breadcrumbs_links_color":"","ocean_breadcrumbs_links_hover_color":"","ocean_display_footer_widgets":"default","ocean_display_footer_bottom":"default","ocean_custom_footer_template":"","footnotes":""},"class_list":["post-208","page","type-page","status-publish","hentry","entry"],"yoast_head":"<!-- This site is optimized with the Yoast SEO plugin v27.3 - https:\/\/yoast.com\/product\/yoast-seo-wordpress\/ -->\n<title>Tarifs - Cindy BIERLING | Psychologue clinicienne Colmar<\/title>\n<meta name=\"robots\" content=\"index, follow, max-snippet:-1, max-image-preview:large, max-video-preview:-1\" \/>\n<link rel=\"canonical\" href=\"https:\/\/cindybierling-psy.fr\/index.php\/tarifs\/\" \/>\n<meta property=\"og:locale\" content=\"fr_FR\" \/>\n<meta property=\"og:type\" content=\"article\" \/>\n<meta property=\"og:title\" content=\"Tarifs - Cindy BIERLING | Psychologue clinicienne Colmar\" \/>\n<meta property=\"og:description\" content=\"Tarifs Type d&rsquo;accompagnement Dur\u00e9e Tarif Soutien psychologique ou psychoth\u00e9rapie individuelle 45min \u00e0 1h 60 \u20ac Entretien familial ou soutien \u00e0 la parentalit\u00e9 1h \u00e0 1h30 80 \u20ac Evaluation psychom\u00e9trique (test de QI)uniquement enfants\/adolescents \u00e2g\u00e9s de 6 \u00e0 16 ans une \u00e0 plusieurs s\u00e9ances 300 \u20ac Evaluation psychologique compl\u00e8te(+ \u00e9valuations projectives, d\u00e9veloppement personnalit\u00e9) variable selon les [&hellip;]\" \/>\n<meta property=\"og:url\" content=\"https:\/\/cindybierling-psy.fr\/index.php\/tarifs\/\" \/>\n<meta property=\"og:site_name\" content=\"Cindy BIERLING | Psychologue clinicienne Colmar\" \/>\n<meta property=\"article:modified_time\" content=\"2025-01-05T10:22:22+00:00\" \/>\n<meta name=\"twitter:card\" content=\"summary_large_image\" \/>\n<meta name=\"twitter:label1\" content=\"Dur\u00e9e de lecture estim\u00e9e\" \/>\n\t<meta name=\"twitter:data1\" content=\"1 minute\" \/>\n<script type=\"application\/ld+json\" class=\"yoast-schema-graph\">{\"@context\":\"https:\\\/\\\/schema.org\",\"@graph\":[{\"@type\":\"WebPage\",\"@id\":\"https:\\\/\\\/cindybierling-psy.fr\\\/index.php\\\/tarifs\\\/\",\"url\":\"https:\\\/\\\/cindybierling-psy.fr\\\/index.php\\\/tarifs\\\/\",\"name\":\"Tarifs - Cindy BIERLING | Psychologue clinicienne Colmar\",\"isPartOf\":{\"@id\":\"https:\\\/\\\/cindybierling-psy.fr\\\/#website\"},\"datePublished\":\"2023-08-25T10:34:03+00:00\",\"dateModified\":\"2025-01-05T10:22:22+00:00\",\"breadcrumb\":{\"@id\":\"https:\\\/\\\/cindybierling-psy.fr\\\/index.php\\\/tarifs\\\/#breadcrumb\"},\"inLanguage\":\"fr-FR\",\"potentialAction\":[{\"@type\":\"ReadAction\",\"target\":[\"https:\\\/\\\/cindybierling-psy.fr\\\/index.php\\\/tarifs\\\/\"]}]},{\"@type\":\"BreadcrumbList\",\"@id\":\"https:\\\/\\\/cindybierling-psy.fr\\\/index.php\\\/tarifs\\\/#breadcrumb\",\"itemListElement\":[{\"@type\":\"ListItem\",\"position\":1,\"name\":\"Accueil\",\"item\":\"https:\\\/\\\/cindybierling-psy.fr\\\/\"},{\"@type\":\"ListItem\",\"position\":2,\"name\":\"Tarifs\"}]},{\"@type\":\"WebSite\",\"@id\":\"https:\\\/\\\/cindybierling-psy.fr\\\/#website\",\"url\":\"https:\\\/\\\/cindybierling-psy.fr\\\/\",\"name\":\"Cindy BIERLING | Psychologue clinicienne Colmar\",\"description\":\"Enfants Adolescents Adultes\",\"publisher\":{\"@id\":\"https:\\\/\\\/cindybierling-psy.fr\\\/#organization\"},\"potentialAction\":[{\"@type\":\"SearchAction\",\"target\":{\"@type\":\"EntryPoint\",\"urlTemplate\":\"https:\\\/\\\/cindybierling-psy.fr\\\/?s={search_term_string}\"},\"query-input\":{\"@type\":\"PropertyValueSpecification\",\"valueRequired\":true,\"valueName\":\"search_term_string\"}}],\"inLanguage\":\"fr-FR\"},{\"@type\":\"Organization\",\"@id\":\"https:\\\/\\\/cindybierling-psy.fr\\\/#organization\",\"name\":\"Cindy Bierling - Psychologue clinicienne Colmar\",\"alternateName\":\"Cindy Bierling\",\"url\":\"https:\\\/\\\/cindybierling-psy.fr\\\/\",\"logo\":{\"@type\":\"ImageObject\",\"inLanguage\":\"fr-FR\",\"@id\":\"https:\\\/\\\/cindybierling-psy.fr\\\/#\\\/schema\\\/logo\\\/image\\\/\",\"url\":\"https:\\\/\\\/cindybierling-psy.fr\\\/wp-content\\\/uploads\\\/2023\\\/09\\\/portrait1-scaled-e1693767961688.jpg\",\"contentUrl\":\"https:\\\/\\\/cindybierling-psy.fr\\\/wp-content\\\/uploads\\\/2023\\\/09\\\/portrait1-scaled-e1693767961688.jpg\",\"width\":1700,\"height\":1700,\"caption\":\"Cindy Bierling - Psychologue clinicienne Colmar\"},\"image\":{\"@id\":\"https:\\\/\\\/cindybierling-psy.fr\\\/#\\\/schema\\\/logo\\\/image\\\/\"},\"sameAs\":[\"https:\\\/\\\/www.linkedin.com\\\/in\\\/cindy-bierling-0b0a8528b\\\/\"]}]}<\/script>\n<!-- \/ Yoast SEO plugin. -->","yoast_head_json":{"title":"Tarifs - Cindy BIERLING | Psychologue clinicienne Colmar","robots":{"index":"index","follow":"follow","max-snippet":"max-snippet:-1","max-image-preview":"max-image-preview:large","max-video-preview":"max-video-preview:-1"},"canonical":"https:\/\/cindybierling-psy.fr\/index.php\/tarifs\/","og_locale":"fr_FR","og_type":"article","og_title":"Tarifs - Cindy BIERLING | Psychologue clinicienne Colmar","og_description":"Tarifs Type d&rsquo;accompagnement Dur\u00e9e Tarif Soutien psychologique ou psychoth\u00e9rapie individuelle 45min \u00e0 1h 60 \u20ac Entretien familial ou soutien \u00e0 la parentalit\u00e9 1h \u00e0 1h30 80 \u20ac Evaluation psychom\u00e9trique (test de QI)uniquement enfants\/adolescents \u00e2g\u00e9s de 6 \u00e0 16 ans une \u00e0 plusieurs s\u00e9ances 300 \u20ac Evaluation psychologique compl\u00e8te(+ \u00e9valuations projectives, d\u00e9veloppement personnalit\u00e9) variable selon les [&hellip;]","og_url":"https:\/\/cindybierling-psy.fr\/index.php\/tarifs\/","og_site_name":"Cindy BIERLING | Psychologue clinicienne Colmar","article_modified_time":"2025-01-05T10:22:22+00:00","twitter_card":"summary_large_image","twitter_misc":{"Dur\u00e9e de lecture estim\u00e9e":"1 minute"},"schema":{"@context":"https:\/\/schema.org","@graph":[{"@type":"WebPage","@id":"https:\/\/cindybierling-psy.fr\/index.php\/tarifs\/","url":"https:\/\/cindybierling-psy.fr\/index.php\/tarifs\/","name":"Tarifs - Cindy BIERLING | Psychologue clinicienne Colmar","isPartOf":{"@id":"https:\/\/cindybierling-psy.fr\/#website"},"datePublished":"2023-08-25T10:34:03+00:00","dateModified":"2025-01-05T10:22:22+00:00","breadcrumb":{"@id":"https:\/\/cindybierling-psy.fr\/index.php\/tarifs\/#breadcrumb"},"inLanguage":"fr-FR","potentialAction":[{"@type":"ReadAction","target":["https:\/\/cindybierling-psy.fr\/index.php\/tarifs\/"]}]},{"@type":"BreadcrumbList","@id":"https:\/\/cindybierling-psy.fr\/index.php\/tarifs\/#breadcrumb","itemListElement":[{"@type":"ListItem","position":1,"name":"Accueil","item":"https:\/\/cindybierling-psy.fr\/"},{"@type":"ListItem","position":2,"name":"Tarifs"}]},{"@type":"WebSite","@id":"https:\/\/cindybierling-psy.fr\/#website","url":"https:\/\/cindybierling-psy.fr\/","name":"Cindy BIERLING | Psychologue clinicienne Colmar","description":"Enfants Adolescents Adultes","publisher":{"@id":"https:\/\/cindybierling-psy.fr\/#organization"},"potentialAction":[{"@type":"SearchAction","target":{"@type":"EntryPoint","urlTemplate":"https:\/\/cindybierling-psy.fr\/?s={search_term_string}"},"query-input":{"@type":"PropertyValueSpecification","valueRequired":true,"valueName":"search_term_string"}}],"inLanguage":"fr-FR"},{"@type":"Organization","@id":"https:\/\/cindybierling-psy.fr\/#organization","name":"Cindy Bierling - Psychologue clinicienne Colmar","alternateName":"Cindy Bierling","url":"https:\/\/cindybierling-psy.fr\/","logo":{"@type":"ImageObject","inLanguage":"fr-FR","@id":"https:\/\/cindybierling-psy.fr\/#\/schema\/logo\/image\/","url":"https:\/\/cindybierling-psy.fr\/wp-content\/uploads\/2023\/09\/portrait1-scaled-e1693767961688.jpg","contentUrl":"https:\/\/cindybierling-psy.fr\/wp-content\/uploads\/2023\/09\/portrait1-scaled-e1693767961688.jpg","width":1700,"height":1700,"caption":"Cindy Bierling - Psychologue clinicienne Colmar"},"image":{"@id":"https:\/\/cindybierling-psy.fr\/#\/schema\/logo\/image\/"},"sameAs":["https:\/\/www.linkedin.com\/in\/cindy-bierling-0b0a8528b\/"]}]}},"_links":{"self":[{"href":"https:\/\/cindybierling-psy.fr\/index.php\/wp-json\/wp\/v2\/pages\/208","targetHints":{"allow":["GET"]}}],"collection":[{"href":"https:\/\/cindybierling-psy.fr\/index.php\/wp-json\/wp\/v2\/pages"}],"about":[{"href":"https:\/\/cindybierling-psy.fr\/index.php\/wp-json\/wp\/v2\/types\/page"}],"author":[{"embeddable":true,"href":"https:\/\/cindybierling-psy.fr\/index.php\/wp-json\/wp\/v2\/users\/1"}],"replies":[{"embeddable":true,"href":"https:\/\/cindybierling-psy.fr\/index.php\/wp-json\/wp\/v2\/comments?post=208"}],"version-history":[{"count":0,"href":"https:\/\/cindybierling-psy.fr\/index.php\/wp-json\/wp\/v2\/pages\/208\/revisions"}],"wp:attachment":[{"href":"https:\/\/cindybierling-psy.fr\/index.php\/wp-json\/wp\/v2\/media?parent=208"}],"curies":[{"name":"wp","href":"https:\/\/api.w.org\/{rel}","templated":true}]}}