{"id":193,"date":"2023-08-25T10:48:34","date_gmt":"2023-08-25T08:48:34","guid":{"rendered":"https:\/\/cindybierling-psy.fr\/?page_id=193"},"modified":"2026-04-03T17:37:29","modified_gmt":"2026-04-03T15:37:29","slug":"contact","status":"publish","type":"page","link":"https:\/\/cindybierling-psy.fr\/index.php\/contact\/","title":{"rendered":"Contact"},"content":{"rendered":"\t\t<div data-elementor-type=\"wp-page\" data-elementor-id=\"193\" class=\"elementor elementor-193\">\n\t\t\t\t<div class=\"elementor-element elementor-element-ad7fea4 e-flex e-con-boxed e-con e-parent\" data-id=\"ad7fea4\" data-element_type=\"container\" data-e-type=\"container\">\n\t\t\t\t\t<div class=\"e-con-inner\">\n\t\t\t\t<div class=\"elementor-element elementor-element-dabefba elementor-widget elementor-widget-heading\" data-id=\"dabefba\" data-element_type=\"widget\" data-e-type=\"widget\" data-widget_type=\"heading.default\">\n\t\t\t\t<div class=\"elementor-widget-container\">\n\t\t\t\t\t<h2 class=\"elementor-heading-title elementor-size-default\">Formulaire de contact<\/h2>\t\t\t\t<\/div>\n\t\t\t\t<\/div>\n\t\t\t\t\t<\/div>\n\t\t\t\t<\/div>\n\t\t<div class=\"elementor-element elementor-element-93a2a97 e-flex e-con-boxed e-con e-parent\" data-id=\"93a2a97\" data-element_type=\"container\" data-e-type=\"container\">\n\t\t\t\t\t<div class=\"e-con-inner\">\n\t\t<div class=\"elementor-element elementor-element-9b22233 e-flex e-con-boxed e-con e-child\" data-id=\"9b22233\" data-element_type=\"container\" data-e-type=\"container\">\n\t\t\t\t\t<div class=\"e-con-inner\">\n\t\t\t\t<div class=\"elementor-element elementor-element-7e144be elementor-widget elementor-widget-text-editor\" data-id=\"7e144be\" data-element_type=\"widget\" data-e-type=\"widget\" data-widget_type=\"text-editor.default\">\n\t\t\t\t<div class=\"elementor-widget-container\">\n\t\t\t\t\t\t\t\t\t<div class=\"frm_forms  with_frm_style frm_style_style-formidable\" id=\"frm_form_1_container\" >\n<form enctype=\"multipart\/form-data\" method=\"post\" class=\"frm-show-form \" id=\"form_contact-form\" >\n<div class=\"frm_form_fields \">\n<fieldset>\n<legend class=\"frm_screen_reader\">Formulaire de contact<\/legend>\r\n\r\n<div class=\"frm_fields_container\">\n<input type=\"hidden\" name=\"frm_action\" value=\"create\" \/>\n<input type=\"hidden\" name=\"form_id\" value=\"1\" \/>\n<input type=\"hidden\" name=\"frm_hide_fields_1\" id=\"frm_hide_fields_1\" value=\"\" \/>\n<input type=\"hidden\" name=\"form_key\" value=\"contact-form\" \/>\n<input type=\"hidden\" name=\"item_meta[0]\" value=\"\" \/>\n<input type=\"hidden\" id=\"frm_submit_entry_1\" name=\"frm_submit_entry_1\" value=\"d37d2c7f29\" \/><input type=\"hidden\" name=\"_wp_http_referer\" value=\"\/index.php\/wp-json\/wp\/v2\/pages\/193\" \/><div id=\"frm_field_1_container\" class=\"frm_form_field form-field  frm_required_field frm_top_container frm12 frm_first\">\r\n    <label for=\"field_qh4icy\" id=\"field_qh4icy_label\" class=\"frm_primary_label\">Nom et pr\u00e9nom\r\n        <span class=\"frm_required\" aria-hidden=\"true\">*<\/span>\r\n    <\/label>\r\n    <input type=\"text\" id=\"field_qh4icy\" name=\"item_meta[1]\" value=\"\"  data-reqmsg=\"Ce champ ne peut pas \u00eatre vide\" aria-required=\"true\" data-invmsg=\"Name est non valide\" aria-invalid=\"false\"   aria-describedby=\"frm_desc_field_qh4icy\"\/>\r\n    <div class=\"frm_description\" id=\"frm_desc_field_qh4icy\">Nom complet<\/div>\r\n    \r\n<\/div>\n<div id=\"frm_field_3_container\" class=\"frm_form_field form-field  frm_required_field frm_top_container frm_full\">\r\n    <label for=\"field_29yf4d\" id=\"field_29yf4d_label\" class=\"frm_primary_label\">Email\r\n        <span class=\"frm_required\" aria-hidden=\"true\">*<\/span>\r\n    <\/label>\r\n    <input type=\"email\" id=\"field_29yf4d\" name=\"item_meta[3]\" value=\"\"  data-reqmsg=\"Ce champ ne peut pas \u00eatre vide\" aria-required=\"true\" data-invmsg=\"Please enter a valid email address\" aria-invalid=\"false\"  \/>\r\n    \r\n    \r\n<\/div>\n<div id=\"frm_field_4_container\" class=\"frm_form_field form-field  frm_required_field frm_top_container frm_full\">\r\n    <label for=\"field_e6lis6\" id=\"field_e6lis6_label\" class=\"frm_primary_label\">Objet\r\n        <span class=\"frm_required\" aria-hidden=\"true\">*<\/span>\r\n    <\/label>\r\n    <input type=\"text\" id=\"field_e6lis6\" name=\"item_meta[4]\" value=\"\"  data-reqmsg=\"Ce champ ne peut pas \u00eatre vide\" aria-required=\"true\" data-invmsg=\"Subject est non valide\" aria-invalid=\"false\"  \/>\r\n    \r\n    \r\n<\/div>\n<div id=\"frm_field_5_container\" class=\"frm_form_field form-field  frm_required_field frm_top_container frm_full\">\r\n    <label for=\"field_9jv0r1\" id=\"field_9jv0r1_label\" class=\"frm_primary_label\">Message\r\n        <span class=\"frm_required\" aria-hidden=\"true\">*<\/span>\r\n    <\/label>\r\n    <textarea name=\"item_meta[5]\" id=\"field_9jv0r1\" rows=\"5\"  data-reqmsg=\"Ce champ ne peut pas \u00eatre vide\" aria-required=\"true\" data-invmsg=\"Message est non valide\" aria-invalid=\"false\"  ><\/textarea>\r\n    \r\n    \r\n<\/div>\n<div id=\"frm_field_7_container\" class=\"frm_form_field form-field  frm_none_container\">\n\t<label for=\"cf-turnstile-response\" id=\"field_pnfea_label\" class=\"frm_primary_label\">Captcha\n\t\t<span class=\"frm_required\" aria-hidden=\"true\"><\/span>\n\t<\/label>\n\t<div  id=\"field_pnfea\" class=\"frm-cf-turnstile\" data-sitekey=\"0x4AAAAAACCuJBQJApgKi3f2\" data-language=\"fr-FR\" data-size=\"normal\" data-theme=\"light\"><\/div>\n\t\n\t\n<\/div>\n<div id=\"frm_field_6_container\" class=\"frm_form_field form-field \">\r\n\t<div class=\"frm_submit\">\r\n\r\n<button class=\"frm_button_submit\" type=\"submit\"  >Envoyer<\/button>\r\n\r\n\r\n<\/div>\r\n<\/div>\n\t<input type=\"hidden\" name=\"item_key\" value=\"\" \/>\n\t\t\t<div id=\"frm_field_10_container\">\n\t\t\t<label for=\"field_b5v8x\" >\n\t\t\t\tSi vous \u00eates un humain, ne remplissez pas ce champ.\t\t\t<\/label>\n\t\t\t<input  id=\"field_b5v8x\" type=\"text\" class=\"frm_form_field form-field frm_verify\" name=\"item_meta[10]\" value=\"\"  \/>\n\t\t<\/div>\n\t\t<input name=\"frm_state\" type=\"hidden\" value=\"0WIGlM3zmUAXbL9ihNYFemV\/uwd+V7pL2s3z0nfguK4=\" \/><\/div>\n<\/fieldset>\n<\/div>\n\n<\/form>\n<\/div>\n\t\t\t\t\t\t\t\t<\/div>\n\t\t\t\t<\/div>\n\t\t\t\t\t<\/div>\n\t\t\t\t<\/div>\n\t\t<div class=\"elementor-element elementor-element-c9bb509 e-flex e-con-boxed e-con e-child\" data-id=\"c9bb509\" data-element_type=\"container\" data-e-type=\"container\">\n\t\t\t\t\t<div class=\"e-con-inner\">\n\t\t<div class=\"elementor-element elementor-element-c22054b e-con-full e-flex e-con e-child\" data-id=\"c22054b\" data-element_type=\"container\" data-e-type=\"container\">\n\t\t\t\t<div class=\"elementor-element elementor-element-79f87c1 elementor-widget elementor-widget-heading\" data-id=\"79f87c1\" data-element_type=\"widget\" data-e-type=\"widget\" data-widget_type=\"heading.default\">\n\t\t\t\t<div class=\"elementor-widget-container\">\n\t\t\t\t\t<h2 class=\"elementor-heading-title elementor-size-medium\">Cabinet de psychologie<\/h2>\t\t\t\t<\/div>\n\t\t\t\t<\/div>\n\t\t\t\t<div class=\"elementor-element elementor-element-3d8046f elementor-widget__width-inherit elementor-widget elementor-widget-text-editor\" data-id=\"3d8046f\" data-element_type=\"widget\" data-e-type=\"widget\" data-widget_type=\"text-editor.default\">\n\t\t\t\t<div class=\"elementor-widget-container\">\n\t\t\t\t\t\t\t\t\t<p><strong>52 rue de Ch\u00e2tenois, 67600 S\u00e9lestat<\/strong><br \/><strong>Tel: 06 81 52 88 60<\/strong><\/p><p><em>Acc\u00e8s : p<\/em><em>ossibilit\u00e9 de stationnement gratuit devant l&rsquo;immeuble<\/em><\/p>\t\t\t\t\t\t\t\t<\/div>\n\t\t\t\t<\/div>\n\t\t\t\t<\/div>\n\t\t<div class=\"elementor-element elementor-element-2ced6f7 e-con-full e-flex e-con e-child\" data-id=\"2ced6f7\" data-element_type=\"container\" data-e-type=\"container\">\n\t\t\t\t<div class=\"elementor-element elementor-element-c115359 elementor-widget__width-inherit elementor-widget elementor-widget-google_maps\" data-id=\"c115359\" data-element_type=\"widget\" data-e-type=\"widget\" data-widget_type=\"google_maps.default\">\n\t\t\t\t<div class=\"elementor-widget-container\">\n\t\t\t\t\t\t\t<div class=\"elementor-custom-embed\">\n\t\t\t<iframe loading=\"lazy\"\n\t\t\t\t\tsrc=\"https:\/\/maps.google.com\/maps?q=52%20rue%20de%20Ch%C3%A2tenois%2C%2067600%20S%C3%A9lestat&#038;t=m&#038;z=13&#038;output=embed&#038;iwloc=near\"\n\t\t\t\t\ttitle=\"52 rue de Ch\u00e2tenois, 67600 S\u00e9lestat\"\n\t\t\t\t\taria-label=\"52 rue de Ch\u00e2tenois, 67600 S\u00e9lestat\"\n\t\t\t><\/iframe>\n\t\t<\/div>\n\t\t\t\t\t\t<\/div>\n\t\t\t\t<\/div>\n\t\t\t\t<\/div>\n\t\t\t\t\t<\/div>\n\t\t\t\t<\/div>\n\t\t\t\t\t<\/div>\n\t\t\t\t<\/div>\n\t\t\t\t<\/div>\n\t\t","protected":false},"excerpt":{"rendered":"<p>Formulaire de contact Cabinet de psychologie 52 rue de Ch\u00e2tenois, 67600 S\u00e9lestatTel: 06 81 52 88 60 Acc\u00e8s : possibilit\u00e9 de stationnement gratuit devant l&rsquo;immeuble<\/p>\n","protected":false},"author":1,"featured_media":0,"parent":0,"menu_order":0,"comment_status":"closed","ping_status":"closed","template":"elementor_header_footer","meta":{"ocean_post_layout":"","ocean_both_sidebars_style":"","ocean_both_sidebars_content_width":0,"ocean_both_sidebars_sidebars_width":0,"ocean_sidebar":"","ocean_second_sidebar":"","ocean_disable_margins":"enable","ocean_add_body_class":"","ocean_shortcode_before_top_bar":"","ocean_shortcode_after_top_bar":"","ocean_shortcode_before_header":"","ocean_shortcode_after_header":"","ocean_has_shortcode":"","ocean_shortcode_after_title":"","ocean_shortcode_before_footer_widgets":"","ocean_shortcode_after_footer_widgets":"","ocean_shortcode_before_footer_bottom":"","ocean_shortcode_after_footer_bottom":"","ocean_display_top_bar":"default","ocean_display_header":"default","ocean_header_style":"","ocean_center_header_left_menu":"","ocean_custom_header_template":"","ocean_custom_logo":0,"ocean_custom_retina_logo":0,"ocean_custom_logo_max_width":0,"ocean_custom_logo_tablet_max_width":0,"ocean_custom_logo_mobile_max_width":0,"ocean_custom_logo_max_height":0,"ocean_custom_logo_tablet_max_height":0,"ocean_custom_logo_mobile_max_height":0,"ocean_header_custom_menu":"","ocean_menu_typo_font_family":"","ocean_menu_typo_font_subset":"","ocean_menu_typo_font_size":0,"ocean_menu_typo_font_size_tablet":0,"ocean_menu_typo_font_size_mobile":0,"ocean_menu_typo_font_size_unit":"px","ocean_menu_typo_font_weight":"","ocean_menu_typo_font_weight_tablet":"","ocean_menu_typo_font_weight_mobile":"","ocean_menu_typo_transform":"","ocean_menu_typo_transform_tablet":"","ocean_menu_typo_transform_mobile":"","ocean_menu_typo_line_height":0,"ocean_menu_typo_line_height_tablet":0,"ocean_menu_typo_line_height_mobile":0,"ocean_menu_typo_line_height_unit":"","ocean_menu_typo_spacing":0,"ocean_menu_typo_spacing_tablet":0,"ocean_menu_typo_spacing_mobile":0,"ocean_menu_typo_spacing_unit":"","ocean_menu_link_color":"","ocean_menu_link_color_hover":"","ocean_menu_link_color_active":"","ocean_menu_link_background":"","ocean_menu_link_hover_background":"","ocean_menu_link_active_background":"","ocean_menu_social_links_bg":"","ocean_menu_social_hover_links_bg":"","ocean_menu_social_links_color":"","ocean_menu_social_hover_links_color":"","ocean_disable_title":"default","ocean_disable_heading":"default","ocean_post_title":"","ocean_post_subheading":"","ocean_post_title_style":"","ocean_post_title_background_color":"","ocean_post_title_background":0,"ocean_post_title_bg_image_position":"","ocean_post_title_bg_image_attachment":"","ocean_post_title_bg_image_repeat":"","ocean_post_title_bg_image_size":"","ocean_post_title_height":0,"ocean_post_title_bg_overlay":0.5,"ocean_post_title_bg_overlay_color":"","ocean_disable_breadcrumbs":"default","ocean_breadcrumbs_color":"","ocean_breadcrumbs_separator_color":"","ocean_breadcrumbs_links_color":"","ocean_breadcrumbs_links_hover_color":"","ocean_display_footer_widgets":"default","ocean_display_footer_bottom":"default","ocean_custom_footer_template":"","footnotes":""},"class_list":["post-193","page","type-page","status-publish","hentry","entry"],"yoast_head":"<!-- This site is optimized with the Yoast SEO plugin v27.3 - https:\/\/yoast.com\/product\/yoast-seo-wordpress\/ -->\n<title>Contact - Cindy BIERLING | Psychologue clinicienne Colmar<\/title>\n<meta name=\"robots\" content=\"index, follow, max-snippet:-1, max-image-preview:large, max-video-preview:-1\" \/>\n<link rel=\"canonical\" href=\"https:\/\/cindybierling-psy.fr\/index.php\/contact\/\" \/>\n<meta property=\"og:locale\" content=\"fr_FR\" \/>\n<meta property=\"og:type\" content=\"article\" \/>\n<meta property=\"og:title\" content=\"Contact - Cindy BIERLING | Psychologue clinicienne Colmar\" \/>\n<meta property=\"og:description\" content=\"Formulaire de contact Cabinet de psychologie 52 rue de Ch\u00e2tenois, 67600 S\u00e9lestatTel: 06 81 52 88 60 Acc\u00e8s : possibilit\u00e9 de stationnement gratuit devant l&rsquo;immeuble\" \/>\n<meta property=\"og:url\" content=\"https:\/\/cindybierling-psy.fr\/index.php\/contact\/\" \/>\n<meta property=\"og:site_name\" content=\"Cindy BIERLING | Psychologue clinicienne Colmar\" \/>\n<meta property=\"article:modified_time\" content=\"2026-04-03T15:37:29+00:00\" \/>\n<meta name=\"twitter:card\" content=\"summary_large_image\" \/>\n<meta name=\"twitter:label1\" content=\"Dur\u00e9e de lecture estim\u00e9e\" \/>\n\t<meta name=\"twitter:data1\" content=\"1 minute\" \/>\n<script type=\"application\/ld+json\" class=\"yoast-schema-graph\">{\"@context\":\"https:\\\/\\\/schema.org\",\"@graph\":[{\"@type\":\"WebPage\",\"@id\":\"https:\\\/\\\/cindybierling-psy.fr\\\/index.php\\\/contact\\\/\",\"url\":\"https:\\\/\\\/cindybierling-psy.fr\\\/index.php\\\/contact\\\/\",\"name\":\"Contact - Cindy BIERLING | Psychologue clinicienne Colmar\",\"isPartOf\":{\"@id\":\"https:\\\/\\\/cindybierling-psy.fr\\\/#website\"},\"datePublished\":\"2023-08-25T08:48:34+00:00\",\"dateModified\":\"2026-04-03T15:37:29+00:00\",\"breadcrumb\":{\"@id\":\"https:\\\/\\\/cindybierling-psy.fr\\\/index.php\\\/contact\\\/#breadcrumb\"},\"inLanguage\":\"fr-FR\",\"potentialAction\":[{\"@type\":\"ReadAction\",\"target\":[\"https:\\\/\\\/cindybierling-psy.fr\\\/index.php\\\/contact\\\/\"]}]},{\"@type\":\"BreadcrumbList\",\"@id\":\"https:\\\/\\\/cindybierling-psy.fr\\\/index.php\\\/contact\\\/#breadcrumb\",\"itemListElement\":[{\"@type\":\"ListItem\",\"position\":1,\"name\":\"Accueil\",\"item\":\"https:\\\/\\\/cindybierling-psy.fr\\\/\"},{\"@type\":\"ListItem\",\"position\":2,\"name\":\"Contact\"}]},{\"@type\":\"WebSite\",\"@id\":\"https:\\\/\\\/cindybierling-psy.fr\\\/#website\",\"url\":\"https:\\\/\\\/cindybierling-psy.fr\\\/\",\"name\":\"Cindy BIERLING | Psychologue clinicienne Colmar\",\"description\":\"Enfants Adolescents Adultes\",\"publisher\":{\"@id\":\"https:\\\/\\\/cindybierling-psy.fr\\\/#organization\"},\"potentialAction\":[{\"@type\":\"SearchAction\",\"target\":{\"@type\":\"EntryPoint\",\"urlTemplate\":\"https:\\\/\\\/cindybierling-psy.fr\\\/?s={search_term_string}\"},\"query-input\":{\"@type\":\"PropertyValueSpecification\",\"valueRequired\":true,\"valueName\":\"search_term_string\"}}],\"inLanguage\":\"fr-FR\"},{\"@type\":\"Organization\",\"@id\":\"https:\\\/\\\/cindybierling-psy.fr\\\/#organization\",\"name\":\"Cindy Bierling - Psychologue clinicienne Colmar\",\"alternateName\":\"Cindy Bierling\",\"url\":\"https:\\\/\\\/cindybierling-psy.fr\\\/\",\"logo\":{\"@type\":\"ImageObject\",\"inLanguage\":\"fr-FR\",\"@id\":\"https:\\\/\\\/cindybierling-psy.fr\\\/#\\\/schema\\\/logo\\\/image\\\/\",\"url\":\"https:\\\/\\\/cindybierling-psy.fr\\\/wp-content\\\/uploads\\\/2023\\\/09\\\/portrait1-scaled-e1693767961688.jpg\",\"contentUrl\":\"https:\\\/\\\/cindybierling-psy.fr\\\/wp-content\\\/uploads\\\/2023\\\/09\\\/portrait1-scaled-e1693767961688.jpg\",\"width\":1700,\"height\":1700,\"caption\":\"Cindy Bierling - Psychologue clinicienne Colmar\"},\"image\":{\"@id\":\"https:\\\/\\\/cindybierling-psy.fr\\\/#\\\/schema\\\/logo\\\/image\\\/\"},\"sameAs\":[\"https:\\\/\\\/www.linkedin.com\\\/in\\\/cindy-bierling-0b0a8528b\\\/\"]}]}<\/script>\n<!-- \/ Yoast SEO plugin. -->","yoast_head_json":{"title":"Contact - Cindy BIERLING | Psychologue clinicienne Colmar","robots":{"index":"index","follow":"follow","max-snippet":"max-snippet:-1","max-image-preview":"max-image-preview:large","max-video-preview":"max-video-preview:-1"},"canonical":"https:\/\/cindybierling-psy.fr\/index.php\/contact\/","og_locale":"fr_FR","og_type":"article","og_title":"Contact - Cindy BIERLING | Psychologue clinicienne Colmar","og_description":"Formulaire de contact Cabinet de psychologie 52 rue de Ch\u00e2tenois, 67600 S\u00e9lestatTel: 06 81 52 88 60 Acc\u00e8s : possibilit\u00e9 de stationnement gratuit devant l&rsquo;immeuble","og_url":"https:\/\/cindybierling-psy.fr\/index.php\/contact\/","og_site_name":"Cindy BIERLING | Psychologue clinicienne Colmar","article_modified_time":"2026-04-03T15:37:29+00:00","twitter_card":"summary_large_image","twitter_misc":{"Dur\u00e9e de lecture estim\u00e9e":"1 minute"},"schema":{"@context":"https:\/\/schema.org","@graph":[{"@type":"WebPage","@id":"https:\/\/cindybierling-psy.fr\/index.php\/contact\/","url":"https:\/\/cindybierling-psy.fr\/index.php\/contact\/","name":"Contact - Cindy BIERLING | Psychologue clinicienne Colmar","isPartOf":{"@id":"https:\/\/cindybierling-psy.fr\/#website"},"datePublished":"2023-08-25T08:48:34+00:00","dateModified":"2026-04-03T15:37:29+00:00","breadcrumb":{"@id":"https:\/\/cindybierling-psy.fr\/index.php\/contact\/#breadcrumb"},"inLanguage":"fr-FR","potentialAction":[{"@type":"ReadAction","target":["https:\/\/cindybierling-psy.fr\/index.php\/contact\/"]}]},{"@type":"BreadcrumbList","@id":"https:\/\/cindybierling-psy.fr\/index.php\/contact\/#breadcrumb","itemListElement":[{"@type":"ListItem","position":1,"name":"Accueil","item":"https:\/\/cindybierling-psy.fr\/"},{"@type":"ListItem","position":2,"name":"Contact"}]},{"@type":"WebSite","@id":"https:\/\/cindybierling-psy.fr\/#website","url":"https:\/\/cindybierling-psy.fr\/","name":"Cindy BIERLING | Psychologue clinicienne Colmar","description":"Enfants Adolescents Adultes","publisher":{"@id":"https:\/\/cindybierling-psy.fr\/#organization"},"potentialAction":[{"@type":"SearchAction","target":{"@type":"EntryPoint","urlTemplate":"https:\/\/cindybierling-psy.fr\/?s={search_term_string}"},"query-input":{"@type":"PropertyValueSpecification","valueRequired":true,"valueName":"search_term_string"}}],"inLanguage":"fr-FR"},{"@type":"Organization","@id":"https:\/\/cindybierling-psy.fr\/#organization","name":"Cindy Bierling - Psychologue clinicienne Colmar","alternateName":"Cindy Bierling","url":"https:\/\/cindybierling-psy.fr\/","logo":{"@type":"ImageObject","inLanguage":"fr-FR","@id":"https:\/\/cindybierling-psy.fr\/#\/schema\/logo\/image\/","url":"https:\/\/cindybierling-psy.fr\/wp-content\/uploads\/2023\/09\/portrait1-scaled-e1693767961688.jpg","contentUrl":"https:\/\/cindybierling-psy.fr\/wp-content\/uploads\/2023\/09\/portrait1-scaled-e1693767961688.jpg","width":1700,"height":1700,"caption":"Cindy Bierling - Psychologue clinicienne Colmar"},"image":{"@id":"https:\/\/cindybierling-psy.fr\/#\/schema\/logo\/image\/"},"sameAs":["https:\/\/www.linkedin.com\/in\/cindy-bierling-0b0a8528b\/"]}]}},"_links":{"self":[{"href":"https:\/\/cindybierling-psy.fr\/index.php\/wp-json\/wp\/v2\/pages\/193","targetHints":{"allow":["GET"]}}],"collection":[{"href":"https:\/\/cindybierling-psy.fr\/index.php\/wp-json\/wp\/v2\/pages"}],"about":[{"href":"https:\/\/cindybierling-psy.fr\/index.php\/wp-json\/wp\/v2\/types\/page"}],"author":[{"embeddable":true,"href":"https:\/\/cindybierling-psy.fr\/index.php\/wp-json\/wp\/v2\/users\/1"}],"replies":[{"embeddable":true,"href":"https:\/\/cindybierling-psy.fr\/index.php\/wp-json\/wp\/v2\/comments?post=193"}],"version-history":[{"count":3,"href":"https:\/\/cindybierling-psy.fr\/index.php\/wp-json\/wp\/v2\/pages\/193\/revisions"}],"predecessor-version":[{"id":910,"href":"https:\/\/cindybierling-psy.fr\/index.php\/wp-json\/wp\/v2\/pages\/193\/revisions\/910"}],"wp:attachment":[{"href":"https:\/\/cindybierling-psy.fr\/index.php\/wp-json\/wp\/v2\/media?parent=193"}],"curies":[{"name":"wp","href":"https:\/\/api.w.org\/{rel}","templated":true}]}}